{"id":1062,"date":"2016-11-29T16:35:24","date_gmt":"2016-11-29T15:35:24","guid":{"rendered":"http:\/\/vg-damgan.fr\/site\/?page_id=1062"},"modified":"2026-03-15T18:09:36","modified_gmt":"2026-03-15T17:09:36","slug":"atelier-matelotage","status":"publish","type":"page","link":"https:\/\/vg-damgan.fr\/site\/atelier-matelotage\/","title":{"rendered":"Ateliers matelotage"},"content":{"rendered":"<h2><strong>ATELIER MATELOTAGE &amp; NAVIGATION<\/strong><\/h2>\n<p><strong>Vous voulez apprendre \u00e0 faire des n\u0153uds marins, des bracelets ou d&rsquo;autres objets \u00e0 base de corde.<\/strong><\/p>\n<p><strong>Vous voulez vous perfectionner \u00e0 la navigation, savoir lire une carte et pr\u00e9parer vos trajets.<\/strong><\/p>\n<p>L&rsquo;association organise 2 jeudis par mois un atelier \u00e0 la salle du Lic (Maison des Damganais \u00e0 56750 Damgan) de 17h30 \u00e0 19h.<\/p>\n<p>Voici le calendrier pr\u00e9cis ci-dessous:<\/p>\n<h4>1er semestre :<\/h4>\n<p><img data-recalc-dims=\"1\" loading=\"lazy\" decoding=\"async\" data-attachment-id=\"4338\" data-permalink=\"https:\/\/vg-damgan.fr\/site\/atelier-matelotage\/calendrier-semestriel-2025-2026\/\" data-orig-file=\"https:\/\/i0.wp.com\/vg-damgan.fr\/site\/wp-content\/uploads\/2025\/10\/matelotage-2025-2026-1-scaled.jpg?fit=2560%2C1844&amp;ssl=1\" data-orig-size=\"2560,1844\" data-comments-opened=\"1\" data-image-meta=\"{&quot;aperture&quot;:&quot;0&quot;,&quot;credit&quot;:&quot;\\u00a9 Calendarpedia\\u00ae&quot;,&quot;camera&quot;:&quot;&quot;,&quot;caption&quot;:&quot;&quot;,&quot;created_timestamp&quot;:&quot;0&quot;,&quot;copyright&quot;:&quot;&quot;,&quot;focal_length&quot;:&quot;0&quot;,&quot;iso&quot;:&quot;0&quot;,&quot;shutter_speed&quot;:&quot;0&quot;,&quot;title&quot;:&quot;Calendrier semestriel 2025-2026&quot;,&quot;orientation&quot;:&quot;1&quot;}\" data-image-title=\"Calendrier semestriel 2025-2026\" data-image-description=\"\" data-image-caption=\"\" data-large-file=\"https:\/\/i0.wp.com\/vg-damgan.fr\/site\/wp-content\/uploads\/2025\/10\/matelotage-2025-2026-1-scaled.jpg?fit=800%2C576&amp;ssl=1\" class=\"aligncenter size-large wp-image-4338\" src=\"https:\/\/i0.wp.com\/vg-damgan.fr\/site\/wp-content\/uploads\/2025\/10\/matelotage-2025-2026-1.jpg?resize=800%2C576&#038;ssl=1\" alt=\"\" width=\"800\" height=\"576\" srcset=\"https:\/\/i0.wp.com\/vg-damgan.fr\/site\/wp-content\/uploads\/2025\/10\/matelotage-2025-2026-1-scaled.jpg?resize=800%2C576&amp;ssl=1 800w, https:\/\/i0.wp.com\/vg-damgan.fr\/site\/wp-content\/uploads\/2025\/10\/matelotage-2025-2026-1-scaled.jpg?resize=300%2C216&amp;ssl=1 300w, https:\/\/i0.wp.com\/vg-damgan.fr\/site\/wp-content\/uploads\/2025\/10\/matelotage-2025-2026-1-scaled.jpg?resize=768%2C553&amp;ssl=1 768w, https:\/\/i0.wp.com\/vg-damgan.fr\/site\/wp-content\/uploads\/2025\/10\/matelotage-2025-2026-1-scaled.jpg?resize=1536%2C1107&amp;ssl=1 1536w, https:\/\/i0.wp.com\/vg-damgan.fr\/site\/wp-content\/uploads\/2025\/10\/matelotage-2025-2026-1-scaled.jpg?resize=2048%2C1475&amp;ssl=1 2048w\" sizes=\"auto, (max-width: 800px) 100vw, 800px\" \/><\/p>\n<h4>2\u00e8me semestre :<\/h4>\n<p><img data-recalc-dims=\"1\" loading=\"lazy\" decoding=\"async\" data-attachment-id=\"4339\" data-permalink=\"https:\/\/vg-damgan.fr\/site\/atelier-matelotage\/calendrier-semestriel-2025-2026-2\/\" data-orig-file=\"https:\/\/i0.wp.com\/vg-damgan.fr\/site\/wp-content\/uploads\/2025\/10\/matelotage-2025-2026-2-scaled.jpg?fit=2560%2C1844&amp;ssl=1\" data-orig-size=\"2560,1844\" data-comments-opened=\"1\" data-image-meta=\"{&quot;aperture&quot;:&quot;0&quot;,&quot;credit&quot;:&quot;\\u00a9 Calendarpedia\\u00ae&quot;,&quot;camera&quot;:&quot;&quot;,&quot;caption&quot;:&quot;&quot;,&quot;created_timestamp&quot;:&quot;0&quot;,&quot;copyright&quot;:&quot;&quot;,&quot;focal_length&quot;:&quot;0&quot;,&quot;iso&quot;:&quot;0&quot;,&quot;shutter_speed&quot;:&quot;0&quot;,&quot;title&quot;:&quot;Calendrier semestriel 2025-2026&quot;,&quot;orientation&quot;:&quot;1&quot;}\" data-image-title=\"Calendrier semestriel 2025-2026\" data-image-description=\"\" data-image-caption=\"\" data-large-file=\"https:\/\/i0.wp.com\/vg-damgan.fr\/site\/wp-content\/uploads\/2025\/10\/matelotage-2025-2026-2-scaled.jpg?fit=800%2C576&amp;ssl=1\" class=\"aligncenter size-large wp-image-4339\" src=\"https:\/\/i0.wp.com\/vg-damgan.fr\/site\/wp-content\/uploads\/2025\/10\/matelotage-2025-2026-2.jpg?resize=800%2C576&#038;ssl=1\" alt=\"\" width=\"800\" height=\"576\" srcset=\"https:\/\/i0.wp.com\/vg-damgan.fr\/site\/wp-content\/uploads\/2025\/10\/matelotage-2025-2026-2-scaled.jpg?resize=800%2C576&amp;ssl=1 800w, https:\/\/i0.wp.com\/vg-damgan.fr\/site\/wp-content\/uploads\/2025\/10\/matelotage-2025-2026-2-scaled.jpg?resize=300%2C216&amp;ssl=1 300w, https:\/\/i0.wp.com\/vg-damgan.fr\/site\/wp-content\/uploads\/2025\/10\/matelotage-2025-2026-2-scaled.jpg?resize=768%2C553&amp;ssl=1 768w, https:\/\/i0.wp.com\/vg-damgan.fr\/site\/wp-content\/uploads\/2025\/10\/matelotage-2025-2026-2-scaled.jpg?resize=1536%2C1107&amp;ssl=1 1536w, https:\/\/i0.wp.com\/vg-damgan.fr\/site\/wp-content\/uploads\/2025\/10\/matelotage-2025-2026-2-scaled.jpg?resize=2048%2C1475&amp;ssl=1 2048w\" sizes=\"auto, (max-width: 800px) 100vw, 800px\" \/><\/p>\n<p>&nbsp;<\/p>\n<p>Responsable, Cathy :\u00a0<a href=\"mailto:catetol@wanadoo.fr\" target=\"_blank\" rel=\"noopener\">catetol@wanadoo.fr<\/a><\/p>\n<h1 style=\"text-align: center;\"><\/h1>\n<p>&nbsp;<\/p>\n","protected":false},"excerpt":{"rendered":"<div class=\"mh-excerpt\"><p>ATELIER MATELOTAGE &amp; NAVIGATION Vous voulez apprendre \u00e0 faire des n\u0153uds marins, des bracelets ou d&rsquo;autres objets \u00e0 base de corde. Vous voulez vous perfectionner \u00e0 la <a class=\"mh-excerpt-more\" href=\"https:\/\/vg-damgan.fr\/site\/atelier-matelotage\/\" title=\"Ateliers matelotage\">&#8230;[Lire la suite&#8230;]<\/a><\/p>\n<\/div>","protected":false},"author":4,"featured_media":0,"parent":0,"menu_order":0,"comment_status":"closed","ping_status":"closed","template":"","meta":{"_monsterinsights_skip_tracking":false,"_monsterinsights_sitenote_active":false,"_monsterinsights_sitenote_note":"","_monsterinsights_sitenote_category":0,"jetpack_post_was_ever_published":false,"footnotes":""},"class_list":["post-1062","page","type-page","status-publish","hentry","odd"],"yoast_head":"<!-- This site is optimized with the Yoast SEO plugin v27.4 - https:\/\/yoast.com\/product\/yoast-seo-wordpress\/ -->\n<title>Ateliers matelotage - Un vieux gr\u00e9ement pour Damgan<\/title>\n<meta name=\"robots\" content=\"index, follow, max-snippet:-1, max-image-preview:large, max-video-preview:-1\" \/>\n<link rel=\"canonical\" href=\"https:\/\/vg-damgan.fr\/site\/atelier-matelotage\/\" \/>\n<meta property=\"og:locale\" content=\"fr_FR\" \/>\n<meta property=\"og:type\" content=\"article\" \/>\n<meta property=\"og:title\" content=\"Ateliers matelotage - Un vieux gr\u00e9ement pour Damgan\" \/>\n<meta property=\"og:description\" content=\"ATELIER MATELOTAGE &amp; NAVIGATION Vous voulez apprendre \u00e0 faire des n\u0153uds marins, des bracelets ou d&rsquo;autres objets \u00e0 base de corde. Vous voulez vous perfectionner \u00e0 la ...[Lire la suite...]\" \/>\n<meta property=\"og:url\" content=\"https:\/\/vg-damgan.fr\/site\/atelier-matelotage\/\" \/>\n<meta property=\"og:site_name\" content=\"Un vieux gr\u00e9ement pour Damgan\" \/>\n<meta property=\"article:publisher\" content=\"https:\/\/www.facebook.com\/VGDamgan\" \/>\n<meta property=\"article:modified_time\" content=\"2026-03-15T17:09:36+00:00\" \/>\n<meta property=\"og:image\" content=\"https:\/\/vg-damgan.fr\/site\/wp-content\/uploads\/2025\/10\/matelotage-2025-2026-1-800x576.jpg\" \/>\n<meta name=\"twitter:card\" content=\"summary_large_image\" \/>\n<meta name=\"twitter:label1\" content=\"Dur\u00e9e de lecture estim\u00e9e\" \/>\n\t<meta name=\"twitter:data1\" content=\"1 minute\" \/>\n<script type=\"application\/ld+json\" class=\"yoast-schema-graph\">{\"@context\":\"https:\\\/\\\/schema.org\",\"@graph\":[{\"@type\":\"WebPage\",\"@id\":\"https:\\\/\\\/vg-damgan.fr\\\/site\\\/atelier-matelotage\\\/\",\"url\":\"https:\\\/\\\/vg-damgan.fr\\\/site\\\/atelier-matelotage\\\/\",\"name\":\"Ateliers matelotage - Un vieux gr\u00e9ement pour Damgan\",\"isPartOf\":{\"@id\":\"https:\\\/\\\/vg-damgan.fr\\\/site\\\/#website\"},\"primaryImageOfPage\":{\"@id\":\"https:\\\/\\\/vg-damgan.fr\\\/site\\\/atelier-matelotage\\\/#primaryimage\"},\"image\":{\"@id\":\"https:\\\/\\\/vg-damgan.fr\\\/site\\\/atelier-matelotage\\\/#primaryimage\"},\"thumbnailUrl\":\"https:\\\/\\\/vg-damgan.fr\\\/site\\\/wp-content\\\/uploads\\\/2025\\\/10\\\/matelotage-2025-2026-1-800x576.jpg\",\"datePublished\":\"2016-11-29T15:35:24+00:00\",\"dateModified\":\"2026-03-15T17:09:36+00:00\",\"breadcrumb\":{\"@id\":\"https:\\\/\\\/vg-damgan.fr\\\/site\\\/atelier-matelotage\\\/#breadcrumb\"},\"inLanguage\":\"fr-FR\",\"potentialAction\":[{\"@type\":\"ReadAction\",\"target\":[\"https:\\\/\\\/vg-damgan.fr\\\/site\\\/atelier-matelotage\\\/\"]}]},{\"@type\":\"ImageObject\",\"inLanguage\":\"fr-FR\",\"@id\":\"https:\\\/\\\/vg-damgan.fr\\\/site\\\/atelier-matelotage\\\/#primaryimage\",\"url\":\"https:\\\/\\\/i0.wp.com\\\/vg-damgan.fr\\\/site\\\/wp-content\\\/uploads\\\/2025\\\/10\\\/matelotage-2025-2026-1-scaled.jpg?fit=2560%2C1844&ssl=1\",\"contentUrl\":\"https:\\\/\\\/i0.wp.com\\\/vg-damgan.fr\\\/site\\\/wp-content\\\/uploads\\\/2025\\\/10\\\/matelotage-2025-2026-1-scaled.jpg?fit=2560%2C1844&ssl=1\",\"width\":2560,\"height\":1844},{\"@type\":\"BreadcrumbList\",\"@id\":\"https:\\\/\\\/vg-damgan.fr\\\/site\\\/atelier-matelotage\\\/#breadcrumb\",\"itemListElement\":[{\"@type\":\"ListItem\",\"position\":1,\"name\":\"Accueil\",\"item\":\"https:\\\/\\\/vg-damgan.fr\\\/site\\\/\"},{\"@type\":\"ListItem\",\"position\":2,\"name\":\"Ateliers matelotage\"}]},{\"@type\":\"WebSite\",\"@id\":\"https:\\\/\\\/vg-damgan.fr\\\/site\\\/#website\",\"url\":\"https:\\\/\\\/vg-damgan.fr\\\/site\\\/\",\"name\":\"Un vieux gr\u00e9ement pour Damgan\",\"description\":\"Association damganaise pour la restauration de bateaux d\u2019int\u00e9r\u00eat patrimonial\",\"publisher\":{\"@id\":\"https:\\\/\\\/vg-damgan.fr\\\/site\\\/#organization\"},\"potentialAction\":[{\"@type\":\"SearchAction\",\"target\":{\"@type\":\"EntryPoint\",\"urlTemplate\":\"https:\\\/\\\/vg-damgan.fr\\\/site\\\/?s={search_term_string}\"},\"query-input\":{\"@type\":\"PropertyValueSpecification\",\"valueRequired\":true,\"valueName\":\"search_term_string\"}}],\"inLanguage\":\"fr-FR\"},{\"@type\":\"Organization\",\"@id\":\"https:\\\/\\\/vg-damgan.fr\\\/site\\\/#organization\",\"name\":\"Un vieux gr\u00e9ement pour Damgan\",\"url\":\"https:\\\/\\\/vg-damgan.fr\\\/site\\\/\",\"logo\":{\"@type\":\"ImageObject\",\"inLanguage\":\"fr-FR\",\"@id\":\"https:\\\/\\\/vg-damgan.fr\\\/site\\\/#\\\/schema\\\/logo\\\/image\\\/\",\"url\":\"https:\\\/\\\/i0.wp.com\\\/vg-damgan.fr\\\/site\\\/wp-content\\\/uploads\\\/2022\\\/12\\\/RederMor-Logo-photo.jpg?fit=2100%2C1680&ssl=1\",\"contentUrl\":\"https:\\\/\\\/i0.wp.com\\\/vg-damgan.fr\\\/site\\\/wp-content\\\/uploads\\\/2022\\\/12\\\/RederMor-Logo-photo.jpg?fit=2100%2C1680&ssl=1\",\"width\":2100,\"height\":1680,\"caption\":\"Un vieux gr\u00e9ement pour Damgan\"},\"image\":{\"@id\":\"https:\\\/\\\/vg-damgan.fr\\\/site\\\/#\\\/schema\\\/logo\\\/image\\\/\"},\"sameAs\":[\"https:\\\/\\\/www.facebook.com\\\/VGDamgan\"]}]}<\/script>\n<!-- \/ Yoast SEO plugin. -->","yoast_head_json":{"title":"Ateliers matelotage - Un vieux gr\u00e9ement pour Damgan","robots":{"index":"index","follow":"follow","max-snippet":"max-snippet:-1","max-image-preview":"max-image-preview:large","max-video-preview":"max-video-preview:-1"},"canonical":"https:\/\/vg-damgan.fr\/site\/atelier-matelotage\/","og_locale":"fr_FR","og_type":"article","og_title":"Ateliers matelotage - Un vieux gr\u00e9ement pour Damgan","og_description":"ATELIER MATELOTAGE &amp; NAVIGATION Vous voulez apprendre \u00e0 faire des n\u0153uds marins, des bracelets ou d&rsquo;autres objets \u00e0 base de corde. Vous voulez vous perfectionner \u00e0 la ...[Lire la suite...]","og_url":"https:\/\/vg-damgan.fr\/site\/atelier-matelotage\/","og_site_name":"Un vieux gr\u00e9ement pour Damgan","article_publisher":"https:\/\/www.facebook.com\/VGDamgan","article_modified_time":"2026-03-15T17:09:36+00:00","og_image":[{"url":"https:\/\/vg-damgan.fr\/site\/wp-content\/uploads\/2025\/10\/matelotage-2025-2026-1-800x576.jpg","type":"","width":"","height":""}],"twitter_card":"summary_large_image","twitter_misc":{"Dur\u00e9e de lecture estim\u00e9e":"1 minute"},"schema":{"@context":"https:\/\/schema.org","@graph":[{"@type":"WebPage","@id":"https:\/\/vg-damgan.fr\/site\/atelier-matelotage\/","url":"https:\/\/vg-damgan.fr\/site\/atelier-matelotage\/","name":"Ateliers matelotage - Un vieux gr\u00e9ement pour Damgan","isPartOf":{"@id":"https:\/\/vg-damgan.fr\/site\/#website"},"primaryImageOfPage":{"@id":"https:\/\/vg-damgan.fr\/site\/atelier-matelotage\/#primaryimage"},"image":{"@id":"https:\/\/vg-damgan.fr\/site\/atelier-matelotage\/#primaryimage"},"thumbnailUrl":"https:\/\/vg-damgan.fr\/site\/wp-content\/uploads\/2025\/10\/matelotage-2025-2026-1-800x576.jpg","datePublished":"2016-11-29T15:35:24+00:00","dateModified":"2026-03-15T17:09:36+00:00","breadcrumb":{"@id":"https:\/\/vg-damgan.fr\/site\/atelier-matelotage\/#breadcrumb"},"inLanguage":"fr-FR","potentialAction":[{"@type":"ReadAction","target":["https:\/\/vg-damgan.fr\/site\/atelier-matelotage\/"]}]},{"@type":"ImageObject","inLanguage":"fr-FR","@id":"https:\/\/vg-damgan.fr\/site\/atelier-matelotage\/#primaryimage","url":"https:\/\/i0.wp.com\/vg-damgan.fr\/site\/wp-content\/uploads\/2025\/10\/matelotage-2025-2026-1-scaled.jpg?fit=2560%2C1844&ssl=1","contentUrl":"https:\/\/i0.wp.com\/vg-damgan.fr\/site\/wp-content\/uploads\/2025\/10\/matelotage-2025-2026-1-scaled.jpg?fit=2560%2C1844&ssl=1","width":2560,"height":1844},{"@type":"BreadcrumbList","@id":"https:\/\/vg-damgan.fr\/site\/atelier-matelotage\/#breadcrumb","itemListElement":[{"@type":"ListItem","position":1,"name":"Accueil","item":"https:\/\/vg-damgan.fr\/site\/"},{"@type":"ListItem","position":2,"name":"Ateliers matelotage"}]},{"@type":"WebSite","@id":"https:\/\/vg-damgan.fr\/site\/#website","url":"https:\/\/vg-damgan.fr\/site\/","name":"Un vieux gr\u00e9ement pour Damgan","description":"Association damganaise pour la restauration de bateaux d\u2019int\u00e9r\u00eat patrimonial","publisher":{"@id":"https:\/\/vg-damgan.fr\/site\/#organization"},"potentialAction":[{"@type":"SearchAction","target":{"@type":"EntryPoint","urlTemplate":"https:\/\/vg-damgan.fr\/site\/?s={search_term_string}"},"query-input":{"@type":"PropertyValueSpecification","valueRequired":true,"valueName":"search_term_string"}}],"inLanguage":"fr-FR"},{"@type":"Organization","@id":"https:\/\/vg-damgan.fr\/site\/#organization","name":"Un vieux gr\u00e9ement pour Damgan","url":"https:\/\/vg-damgan.fr\/site\/","logo":{"@type":"ImageObject","inLanguage":"fr-FR","@id":"https:\/\/vg-damgan.fr\/site\/#\/schema\/logo\/image\/","url":"https:\/\/i0.wp.com\/vg-damgan.fr\/site\/wp-content\/uploads\/2022\/12\/RederMor-Logo-photo.jpg?fit=2100%2C1680&ssl=1","contentUrl":"https:\/\/i0.wp.com\/vg-damgan.fr\/site\/wp-content\/uploads\/2022\/12\/RederMor-Logo-photo.jpg?fit=2100%2C1680&ssl=1","width":2100,"height":1680,"caption":"Un vieux gr\u00e9ement pour Damgan"},"image":{"@id":"https:\/\/vg-damgan.fr\/site\/#\/schema\/logo\/image\/"},"sameAs":["https:\/\/www.facebook.com\/VGDamgan"]}]}},"jetpack_sharing_enabled":true,"jetpack_shortlink":"https:\/\/wp.me\/P7bygr-h8","jetpack-related-posts":[{"id":27,"url":"https:\/\/vg-damgan.fr\/site\/aideradherer\/","url_meta":{"origin":1062,"position":0},"title":"Aider\/Adh\u00e9rer","author":"jerome","date":"29 mai 2015","format":false,"excerpt":"Pour nous aider, plusieurs possibilit\u00e9s: 1.Le b\u00e9n\u00e9volat: Pour nous aider, vous pouvez \u00eatre b\u00e9n\u00e9vole! Vous nous donnez vos possibilit\u00e9s d'emploi du temps et vos comp\u00e9tences et nous vous contactons pour nos manifestations. redermor6@laposte.net 2.L'adh\u00e9sion: Pour adh\u00e9rer \u00e0 l'association, c'est tr\u00e8s simple: soit vous venez nous rencontrer lors des manifestions, soit\u2026","rel":"","context":"Avec 4 commentaires","block_context":{"text":"Avec 4 commentaires","link":"https:\/\/vg-damgan.fr\/site\/aideradherer\/#comments"},"img":{"alt_text":"redermor-logo-photo-don","src":"https:\/\/i0.wp.com\/vg-damgan.fr\/site\/wp-content\/uploads\/2015\/05\/RederMor-Logo-photo-don-300x240.jpg?resize=350%2C200","width":350,"height":200},"classes":[]},{"id":16,"url":"https:\/\/vg-damgan.fr\/site\/contact\/","url_meta":{"origin":1062,"position":1},"title":"Contact","author":"jerome","date":"29 mai 2015","format":false,"excerpt":"Pour nous contacter, voici les coordonn\u00e9es de l'association et les noms des diff\u00e9rents responsables. Vieux Gr\u00e9ement pour Damgan 39 Grande rue 56750 Damgan redermor6@laposte.net \u00a0 Trombinoscope du bureau : Emmanuel Flahault Pr\u00e9sident Gilles R\u00e9veillant Vice pr\u00e9sident Pascal Hudelaine Tr\u00e9sorier Paul Gr\u00e9au Secr\u00e9taire Alain Blais Secr\u00e9taire adjoint, produits d\u00e9riv\u00e9s Autres contacts\u2026","rel":"","context":"Avec 9 commentaires","block_context":{"text":"Avec 9 commentaires","link":"https:\/\/vg-damgan.fr\/site\/contact\/#comments"},"img":{"alt_text":"Emmanuel_Flahaut","src":"https:\/\/i0.wp.com\/vg-damgan.fr\/site\/wp-content\/uploads\/2015\/05\/Emmanuel_Flahaut-150x150.jpg?resize=350%2C200&ssl=1","width":350,"height":200},"classes":[]},{"id":327,"url":"https:\/\/vg-damgan.fr\/site\/calendrier\/","url_meta":{"origin":1062,"position":2},"title":"Calendrier","author":"jerome","date":"20 f\u00e9vrier 2016","format":false,"excerpt":"Cliquez sur l'atelier qui vous int\u00e9resse. Calendrier du\u00a0mod\u00e9lisme. Calendrier du matelotage.","rel":"","context":"Article similaire","block_context":{"text":"Article similaire","link":""},"img":{"alt_text":"","src":"","width":0,"height":0},"classes":[]},{"id":2953,"url":"https:\/\/vg-damgan.fr\/site\/naviguer-reder-mor-6\/","url_meta":{"origin":1062,"position":3},"title":"Naviguer sur le Reder Mor 6","author":"L'\u00e9quipe VGD","date":"18 mai 2019","format":false,"excerpt":"Vous voulez naviguer sur le Reder Mor 6? Rien de plus simple... Sur cette page, dates et conditions! La loi nous impose, en tant qu'association, de ne pouvoir embarquer que des adh\u00e9rents \u00e0 jour de leur cotisation. Chaque adh\u00e9sion est nominative et doit \u00eatre faite avant le d\u00e9part du bateau.\u2026","rel":"","context":"Article similaire","block_context":{"text":"Article similaire","link":""},"img":{"alt_text":"","src":"https:\/\/i0.wp.com\/vg-damgan.fr\/site\/wp-content\/uploads\/2019\/05\/DATES-SORTIES-REDER-MOR-6-DAMGAN-PENERF.jpg?fit=540%2C281&ssl=1&resize=350%2C200","width":350,"height":200,"srcset":"https:\/\/i0.wp.com\/vg-damgan.fr\/site\/wp-content\/uploads\/2019\/05\/DATES-SORTIES-REDER-MOR-6-DAMGAN-PENERF.jpg?fit=540%2C281&ssl=1&resize=350%2C200 1x, https:\/\/i0.wp.com\/vg-damgan.fr\/site\/wp-content\/uploads\/2019\/05\/DATES-SORTIES-REDER-MOR-6-DAMGAN-PENERF.jpg?fit=540%2C281&ssl=1&resize=525%2C300 1.5x"},"classes":[]},{"id":14,"url":"https:\/\/vg-damgan.fr\/site\/histoire\/","url_meta":{"origin":1062,"position":4},"title":"Qui sommes nous?","author":"jerome","date":"29 mai 2015","format":false,"excerpt":"Qui sommes nous? Cr\u00e9\u00e9e en 2015 (publication au Journal Officiel) , l\u2019association \u00ab Un vieux gr\u00e9ement pour Damgan \u00bb a pour but de restaurer un go\u00e9monier de 7m84 class\u00e9 \u00ab Bateau d\u2019int\u00e9r\u00eat patrimonial \u00bb. Le projet est de faire d\u00e9couvrir la ria de P\u00e9nerf et le faire participer aux \u00e9v\u00e8nements\u2026","rel":"","context":"Avec 1 commentaire","block_context":{"text":"Avec 1 commentaire","link":"https:\/\/vg-damgan.fr\/site\/histoire\/#comments"},"img":{"alt_text":"17549008041_ff9d3183c1_k","src":"https:\/\/i0.wp.com\/vg-damgan.fr\/site\/wp-content\/uploads\/2015\/05\/17549008041_ff9d3183c1_k.jpg?resize=350%2C200","width":350,"height":200,"srcset":"https:\/\/i0.wp.com\/vg-damgan.fr\/site\/wp-content\/uploads\/2015\/05\/17549008041_ff9d3183c1_k.jpg?resize=350%2C200 1x, https:\/\/i0.wp.com\/vg-damgan.fr\/site\/wp-content\/uploads\/2015\/05\/17549008041_ff9d3183c1_k.jpg?resize=525%2C300 1.5x, https:\/\/i0.wp.com\/vg-damgan.fr\/site\/wp-content\/uploads\/2015\/05\/17549008041_ff9d3183c1_k.jpg?resize=700%2C400 2x, https:\/\/i0.wp.com\/vg-damgan.fr\/site\/wp-content\/uploads\/2015\/05\/17549008041_ff9d3183c1_k.jpg?resize=1050%2C600 3x, https:\/\/i0.wp.com\/vg-damgan.fr\/site\/wp-content\/uploads\/2015\/05\/17549008041_ff9d3183c1_k.jpg?resize=1400%2C800 4x"},"classes":[]},{"id":1056,"url":"https:\/\/vg-damgan.fr\/site\/atelier-modelisme\/","url_meta":{"origin":1062,"position":5},"title":"Ateliers mod\u00e9lisme","author":"L'\u00e9quipe VGD","date":"29 novembre 2016","format":false,"excerpt":"\u00a0 Atelier maquette: redermor6@laposte.net","rel":"","context":"Article similaire","block_context":{"text":"Article similaire","link":""},"img":{"alt_text":"","src":"https:\/\/i0.wp.com\/vg-damgan.fr\/site\/wp-content\/uploads\/2022\/11\/affiche-modelisme-2022-2023.jpg?resize=350%2C200&ssl=1","width":350,"height":200,"srcset":"https:\/\/i0.wp.com\/vg-damgan.fr\/site\/wp-content\/uploads\/2022\/11\/affiche-modelisme-2022-2023.jpg?resize=350%2C200&ssl=1 1x, https:\/\/i0.wp.com\/vg-damgan.fr\/site\/wp-content\/uploads\/2022\/11\/affiche-modelisme-2022-2023.jpg?resize=525%2C300&ssl=1 1.5x, https:\/\/i0.wp.com\/vg-damgan.fr\/site\/wp-content\/uploads\/2022\/11\/affiche-modelisme-2022-2023.jpg?resize=700%2C400&ssl=1 2x, https:\/\/i0.wp.com\/vg-damgan.fr\/site\/wp-content\/uploads\/2022\/11\/affiche-modelisme-2022-2023.jpg?resize=1050%2C600&ssl=1 3x, https:\/\/i0.wp.com\/vg-damgan.fr\/site\/wp-content\/uploads\/2022\/11\/affiche-modelisme-2022-2023.jpg?resize=1400%2C800&ssl=1 4x"},"classes":[]}],"_links":{"self":[{"href":"https:\/\/vg-damgan.fr\/site\/wp-json\/wp\/v2\/pages\/1062","targetHints":{"allow":["GET"]}}],"collection":[{"href":"https:\/\/vg-damgan.fr\/site\/wp-json\/wp\/v2\/pages"}],"about":[{"href":"https:\/\/vg-damgan.fr\/site\/wp-json\/wp\/v2\/types\/page"}],"author":[{"embeddable":true,"href":"https:\/\/vg-damgan.fr\/site\/wp-json\/wp\/v2\/users\/4"}],"replies":[{"embeddable":true,"href":"https:\/\/vg-damgan.fr\/site\/wp-json\/wp\/v2\/comments?post=1062"}],"version-history":[{"count":28,"href":"https:\/\/vg-damgan.fr\/site\/wp-json\/wp\/v2\/pages\/1062\/revisions"}],"predecessor-version":[{"id":4454,"href":"https:\/\/vg-damgan.fr\/site\/wp-json\/wp\/v2\/pages\/1062\/revisions\/4454"}],"wp:attachment":[{"href":"https:\/\/vg-damgan.fr\/site\/wp-json\/wp\/v2\/media?parent=1062"}],"curies":[{"name":"wp","href":"https:\/\/api.w.org\/{rel}","templated":true}]}}